{"id":26563,"date":"2026-04-14T13:21:45","date_gmt":"2026-04-14T13:21:45","guid":{"rendered":"https:\/\/www.centrocliniconemo.it\/?page_id=26563"},"modified":"2026-04-14T13:24:03","modified_gmt":"2026-04-14T13:24:03","slug":"politiche-e-sistema-di-gestione-della-fondazione","status":"publish","type":"page","link":"https:\/\/www.centrocliniconemo.it\/en\/politiche-e-sistema-di-gestione-della-fondazione\/","title":{"rendered":"Politiche e Sistema di Gestione della Fondazione"},"content":{"rendered":"\t\t<div data-elementor-type=\"wp-page\" data-elementor-id=\"26563\" class=\"elementor elementor-26563\" data-elementor-post-type=\"page\">\n\t\t\t\t<div class=\"elementor-element elementor-element-4eb9ebc e-flex e-con-boxed e-con e-parent\" data-id=\"4eb9ebc\" data-element_type=\"container\" data-e-type=\"container\">\n\t\t\t\t\t<div class=\"e-con-inner\">\n\t\t\t\t<div class=\"elementor-element elementor-element-5884b4c elementor-widget elementor-widget-text-editor\" data-id=\"5884b4c\" data-element_type=\"widget\" data-e-type=\"widget\" data-widget_type=\"text-editor.default\">\n\t\t\t\t<div class=\"elementor-widget-container\">\n\t\t\t\t\t\t\t\t\t<p><strong>La Politica per la Qualit\u00e0 e la Sicurezza<\/strong><\/p><p>I Centri Clinici NEMO &#8211; Fondazione Serena Onlus promuove la presa in carico multidisciplinare del paziente con malattia neuromuscolare, attraverso la presenza dei professionisti coinvolti nella gestione delle problematiche legate a tale malattia.<\/p><p>Promuove altres\u00ec la ricerca scientifica nell\u2019ambito di queste malattie e l\u2019adozione di tecniche e tecnologie avanzate.<\/p><p>La puntuale e chiara enunciazione delle finalit\u00e0 istituzionali dei Centri Clinici NEMO rappresenta il punto di partenza di un processo gestionale in grado di tradurre la missione e la visione dell\u2019organizzazione in obiettivi strategici e quindi in attivit\u00e0 e azioni coerenti che devono essere oggetto di un costante monitoraggio per il miglioramento continuo dell\u2019attivit\u00e0 clinica e scientifica.<\/p><p>Ci impegniamo quindi a:<\/p><ul><li>garantire un\u2019analisi reale e concreta del contesto in cui operiamo, in continua evoluzione;<\/li><li>analizzare e conoscere le parti interessate alle nostre attivit\u00e0, comprendendone i requisiti e le caratteristiche;<\/li><li>garantire una quanto pi\u00f9 puntuale rilevazione della qualit\u00e0 percepita dalla persona assistita;<\/li><li>definire i processi critici legati all\u2019erogazione del servizio e monitorarli;<\/li><li>avere chiari i rischi connessi all\u2019attivit\u00e0 che svogliamo, al fine di intercettare l\u2019errore prima che influenzi negativamente il processo e attuando strategie preventive volte a prevenirlo;<\/li><li>far confluire nella politica aziendale il concetto di miglioramento continuo in maniera sempre pi\u00f9 capillare;<\/li><li>garantire una politica di gestione delle Risorse Umane in grado di selezionare operatori adeguati ai livelli richiesti,<\/li><li>garantire un inserimento adeguato, dare obiettivi precisi, monitorare la performance, contribuire al miglioramento della prestazione con programmi di formazione e aggiornamento continui;<\/li><li>adeguare le politiche sugli approvvigionamenti e i fornitori allo standard di qualit\u00e0 richiesto per le nostre prestazioni;<\/li><li>migliorare continuamente nella comunicazione interna, garantendo un flusso trasparente tra la Direzione e gli operatori rispetto agli obiettivi da raggiungere.<\/li><\/ul><p>\u00a0<\/p><p>La Fondazione Serena, nello svolgimento delle proprie attivit\u00e0, considera la salute umana, la protezione e la sicurezza di utenti e lavoratori, una priorit\u00e0 assoluta; la Direzione si impegna in tal senso, mettendo a disposizione risorse umane, strumentali, ed economiche, necessarie a perseguire gli obiettivi di miglioramento continuo.\u00a0Intende inoltre definire, comunicare e diffondere a tutto il personale, alle persone esterne che hanno con essa rapporti, la presente Politica, nella consapevolezza che il contributo di ognuno sia determinante per il raggiungimento degli obiettivi e il mantenimento degli standard pi\u00f9 elevati di qualit\u00e0 e sicurezza.<\/p><p>Nell\u2019ambito della sicurezza del paziente e del lavoratore Fondazione studia e sviluppa interventi organizzativi tesi a intercettare e contenere le possibili condizioni di rischio e sviluppa all\u2019interno del sistema, in una logica di massima integrazione, una linea diffusa e capillare di intervento.<\/p><p>La Fondazione esprime a livello centrale indicazioni e indirizzi il cui scopo \u00e8 garantire standard di qualit\u00e0 e di sicurezza di base, comuni ai diversi Centri, in ogni sede di erogazione di prestazioni e servizi.<\/p><p><strong>\u00a0<\/strong><\/p><p><a name=\"_Toc494700964\"><\/a><strong>Obiettivi per la Sicurezza del paziente \u2013 Clinical Risk Management<\/strong><\/p><p>Tra i rischi specifici dell\u2019attivit\u00e0 di Fondazione, oltre gli altri rischi generali di organizzazione, vi \u00e8 il rischio sanitario, intrinsecamente collegato ai rischi operativi, che deve essere mitigato da presidi tecnico \u2013 organizzativi.<\/p><p>Si intende per Risk Management \u201cl&#8217;insieme di attivit\u00e0, metodologie e risorse coordinate per guidare e tenere sotto controllo un&#8217;organizzazione con riferimento ai rischi\u201d (UNI 11230); si tratta di un processo integrato che identifica e tratta i rischi che mettono in pericolo l\u2019integrit\u00e0 di persone, attivit\u00e0 e processi e l\u2018esistenza dell\u2019azienda stessa.<\/p><p>La\u00a0gestione del rischio clinico\u00a0in sanit\u00e0 (clinical risk management) rappresenta l\u2019insieme di varie azioni messe in atto per migliorare la qualit\u00e0 delle prestazioni sanitarie e garantire la sicurezza dei pazienti,\u00a0sicurezza, tra l\u2019altro, basata sull\u2019apprendere dall\u2019errore. Solo una gestione integrata del rischio pu\u00f2 portare a cambiamenti nella pratica clinica, promuovere la crescita di una cultura della salute pi\u00f9 attenta e vicina al paziente e agli operatori, contribuire indirettamente a una diminuzione dei costi delle prestazioni e, infine, favorire la destinazione di risorse su interventi tesi a sviluppare organizzazioni e strutture sanitarie sicure ed efficienti.<\/p><p>La sicurezza dell\u2019organizzazione e la riduzione dei rischi sono per la Fondazione Serena obiettivi fondanti, requisito di base del suo Sistema di Gestione.<\/p><p>Al fine di garantire la massima sicurezza possibile per il paziente, Fondazione Serena fa proprie le indicazioni delle raccomandazioni internazionali per la sicurezza del paziente e delle Linee Guida e Raccomandazioni del Ministero della Salute.<\/p><p>\u00a0<\/p><p><strong>Il Sistema di gestione per la Qualit\u00e0 \u2013 Certificazione ISO9001<\/strong><\/p><p>Fondazione Serena ha deciso di implementare un Sistema di gestione per la Qualit\u00e0 per realizzare al meglio il concetto di cura e di attenzione alla persona. Il Sistema Qualit\u00e0 non solo \u00e8 uno strumento gestionale e di governo per l\u2019organizzazione ma \u00e8 innanzi tutto inteso come strumento di tutela dell\u2019assistito e garanzia della presa in carico globale dei bisogni della persona.<\/p><p>La sicurezza dell\u2019organizzazione e la riduzione dei rischi sono per Fondazione Serena obiettivi fondanti, requisiti di base del suo Sistema di Gestione.<\/p><p>Per assicurare affidabilit\u00e0 e trasparenza agli utenti, alle istituzioni e a tutte le parti interessate, Fondazione Serena Onlus ha scelto di sottoporre il proprio Sistema di Gestione alla certificazione secondo la norma inter- nazionale UNI EN ISO 9001:2015. La certificazione \u00e8 rilasciata da un Ente terzo indipendente, IMQ, accreditato a livello italiano da Accredia e aderente alla rete internazionale IQ-net.<\/p><p><strong><u>Il nostro Certificato ISO 9001:2015<\/u><\/strong><\/p>\t\t\t\t\t\t\t\t<\/div>\n\t\t\t\t<\/div>\n\t\t\t\t\t<\/div>\n\t\t\t\t<\/div>\n\t\t<div class=\"elementor-element elementor-element-336ba27 elementor-hidden-widescreen elementor-hidden-desktop elementor-hidden-laptop elementor-hidden-tablet_extra elementor-hidden-tablet elementor-hidden-mobile_extra elementor-hidden-mobile e-flex e-con-boxed e-con e-parent\" data-id=\"336ba27\" data-element_type=\"container\" data-e-type=\"container\">\n\t\t\t\t\t<div class=\"e-con-inner\">\n\t\t\t\t<div class=\"elementor-element elementor-element-52b3a6a pa-display-conditions-yes elementor-widget elementor-widget-html\" data-id=\"52b3a6a\" data-element_type=\"widget\" data-e-type=\"widget\" data-settings=\"{&quot;pa_display_conditions_switcher&quot;:&quot;yes&quot;}\" data-widget_type=\"html.default\">\n\t\t\t\t<div class=\"elementor-widget-container\">\n\t\t\t\t\t<div id=\"google_translate_element\"><\/div>\r\n<script type=\"text\/javascript\">\r\nfunction googleTranslateElementInit() {\r\n    \/\/ Controllo se siamo nell'editor di Elementor\r\n    if (window.location.href.indexOf('elementor') > -1) {\r\n        \/\/ Se siamo nell'editor, non eseguire la traduzione\r\n        return;\r\n    }\r\n\r\n    new google.translate.TranslateElement({\r\n        pageLanguage: 'it',\r\n        layout: google.translate.TranslateElement.FloatPosition.TOP_LEFT\r\n    }, 'google_translate_element');\r\n\r\n    \/\/ Attesa e traduzione automatica\r\n    setTimeout(function(){\r\n        var select = document.querySelector(\"select.goog-te-combo\");\r\n        if(select) {\r\n            select.value = 'en';\r\n            select.dispatchEvent(new Event('change'));\r\n        }\r\n    }, 1000);\r\n}\r\n<\/script>\r\n<script type=\"text\/javascript\" src=\"\/\/translate.google.com\/translate_a\/element.js?cb=googleTranslateElementInit\"><\/script>\r\n\t\t\t\t<\/div>\n\t\t\t\t<\/div>\n\t\t\t\t\t<\/div>\n\t\t\t\t<\/div>\n\t\t\t\t<\/div>\n\t\t","protected":false},"excerpt":{"rendered":"<p>La Politica per la Qualit\u00e0 e la Sicurezza I Centri Clinici NEMO &#8211; Fondazione Serena Onlus promuove la presa in carico multidisciplinare del paziente con malattia neuromuscolare, attraverso la presenza dei professionisti coinvolti nella gestione delle problematiche legate a tale malattia. Promuove altres\u00ec la ricerca scientifica nell\u2019ambito di queste malattie e l\u2019adozione di tecniche e [&hellip;]<\/p>\n","protected":false},"author":1,"featured_media":0,"parent":0,"menu_order":0,"comment_status":"closed","ping_status":"closed","template":"","meta":{"pgc_sgb_lightbox_settings":"","totale-raccolto-evento":"","footnotes":""},"categoria-pagine":[],"class_list":["post-26563","page","type-page","status-publish","hentry"],"yoast_head":"<!-- This site is optimized with the Yoast SEO plugin v27.4 - https:\/\/yoast.com\/product\/yoast-seo-wordpress\/ -->\n<title>Politiche e Sistema di Gestione della Fondazione - Centro Clinico NeMO<\/title>\n<meta name=\"robots\" content=\"index, follow, max-snippet:-1, max-image-preview:large, max-video-preview:-1\" \/>\n<link rel=\"canonical\" href=\"https:\/\/www.centrocliniconemo.it\/en\/politiche-e-sistema-di-gestione-della-fondazione\/\" \/>\n<meta property=\"og:locale\" content=\"en_US\" \/>\n<meta property=\"og:type\" content=\"article\" \/>\n<meta property=\"og:title\" content=\"Politiche e Sistema di Gestione della Fondazione - Centro Clinico NeMO\" \/>\n<meta property=\"og:description\" content=\"La Politica per la Qualit\u00e0 e la Sicurezza I Centri Clinici NEMO &#8211; Fondazione Serena Onlus promuove la presa in carico multidisciplinare del paziente con malattia neuromuscolare, attraverso la presenza dei professionisti coinvolti nella gestione delle problematiche legate a tale malattia. Promuove altres\u00ec la ricerca scientifica nell\u2019ambito di queste malattie e l\u2019adozione di tecniche e [&hellip;]\" \/>\n<meta property=\"og:url\" content=\"https:\/\/www.centrocliniconemo.it\/en\/politiche-e-sistema-di-gestione-della-fondazione\/\" \/>\n<meta property=\"og:site_name\" content=\"Centro Clinico NeMO\" \/>\n<meta property=\"article:publisher\" content=\"https:\/\/www.facebook.com\/CentroNEMOItalia\" \/>\n<meta property=\"article:modified_time\" content=\"2026-04-14T13:24:03+00:00\" \/>\n<meta property=\"og:image\" content=\"https:\/\/www.centrocliniconemo.it\/wp-content\/uploads\/2023\/07\/prevsoc.jpg\" \/>\n\t<meta property=\"og:image:width\" content=\"1200\" \/>\n\t<meta property=\"og:image:height\" content=\"630\" \/>\n\t<meta property=\"og:image:type\" content=\"image\/jpeg\" \/>\n<meta name=\"twitter:card\" content=\"summary_large_image\" \/>\n<meta name=\"twitter:site\" content=\"@CentroNemo\" \/>\n<meta name=\"twitter:label1\" content=\"Est. reading time\" \/>\n\t<meta name=\"twitter:data1\" content=\"5 minutes\" \/>\n<script type=\"application\/ld+json\" class=\"yoast-schema-graph\">{\"@context\":\"https:\\\/\\\/schema.org\",\"@graph\":[{\"@type\":\"WebPage\",\"@id\":\"https:\\\/\\\/www.centrocliniconemo.it\\\/en\\\/politiche-e-sistema-di-gestione-della-fondazione\\\/\",\"url\":\"https:\\\/\\\/www.centrocliniconemo.it\\\/en\\\/politiche-e-sistema-di-gestione-della-fondazione\\\/\",\"name\":\"Politiche e Sistema di Gestione della Fondazione - Centro Clinico NeMO\",\"isPartOf\":{\"@id\":\"https:\\\/\\\/www.centrocliniconemo.it\\\/en\\\/#website\"},\"datePublished\":\"2026-04-14T13:21:45+00:00\",\"dateModified\":\"2026-04-14T13:24:03+00:00\",\"breadcrumb\":{\"@id\":\"https:\\\/\\\/www.centrocliniconemo.it\\\/en\\\/politiche-e-sistema-di-gestione-della-fondazione\\\/#breadcrumb\"},\"inLanguage\":\"en-US\",\"potentialAction\":[{\"@type\":\"ReadAction\",\"target\":[\"https:\\\/\\\/www.centrocliniconemo.it\\\/en\\\/politiche-e-sistema-di-gestione-della-fondazione\\\/\"]}]},{\"@type\":\"BreadcrumbList\",\"@id\":\"https:\\\/\\\/www.centrocliniconemo.it\\\/en\\\/politiche-e-sistema-di-gestione-della-fondazione\\\/#breadcrumb\",\"itemListElement\":[{\"@type\":\"ListItem\",\"position\":1,\"name\":\"Home\",\"item\":\"https:\\\/\\\/www.centrocliniconemo.it\\\/en\\\/\"},{\"@type\":\"ListItem\",\"position\":2,\"name\":\"Politiche e Sistema di Gestione della Fondazione\"}]},{\"@type\":\"WebSite\",\"@id\":\"https:\\\/\\\/www.centrocliniconemo.it\\\/en\\\/#website\",\"url\":\"https:\\\/\\\/www.centrocliniconemo.it\\\/en\\\/\",\"name\":\"Centro Clinico NeMO\",\"description\":\"Il paziente al centro\",\"publisher\":{\"@id\":\"https:\\\/\\\/www.centrocliniconemo.it\\\/en\\\/#organization\"},\"potentialAction\":[{\"@type\":\"SearchAction\",\"target\":{\"@type\":\"EntryPoint\",\"urlTemplate\":\"https:\\\/\\\/www.centrocliniconemo.it\\\/en\\\/?s={search_term_string}\"},\"query-input\":{\"@type\":\"PropertyValueSpecification\",\"valueRequired\":true,\"valueName\":\"search_term_string\"}}],\"inLanguage\":\"en-US\"},{\"@type\":\"Organization\",\"@id\":\"https:\\\/\\\/www.centrocliniconemo.it\\\/en\\\/#organization\",\"name\":\"Centro Clinico NeMO - Fondazione Serena Onlus\",\"url\":\"https:\\\/\\\/www.centrocliniconemo.it\\\/en\\\/\",\"logo\":{\"@type\":\"ImageObject\",\"inLanguage\":\"en-US\",\"@id\":\"https:\\\/\\\/www.centrocliniconemo.it\\\/en\\\/#\\\/schema\\\/logo\\\/image\\\/\",\"url\":\"https:\\\/\\\/www.centrocliniconemo.it\\\/wp-content\\\/uploads\\\/2023\\\/03\\\/logo-nemo.svg\",\"contentUrl\":\"https:\\\/\\\/www.centrocliniconemo.it\\\/wp-content\\\/uploads\\\/2023\\\/03\\\/logo-nemo.svg\",\"width\":272,\"height\":109.142,\"caption\":\"Centro Clinico NeMO - Fondazione Serena Onlus\"},\"image\":{\"@id\":\"https:\\\/\\\/www.centrocliniconemo.it\\\/en\\\/#\\\/schema\\\/logo\\\/image\\\/\"},\"sameAs\":[\"https:\\\/\\\/www.facebook.com\\\/CentroNEMOItalia\",\"https:\\\/\\\/x.com\\\/CentroNemo\",\"https:\\\/\\\/www.linkedin.com\\\/company\\\/centrocliniconemo\\\/\",\"https:\\\/\\\/www.instagram.com\\\/centrocliniconemo\\\/\"]}]}<\/script>\n<!-- \/ Yoast SEO plugin. -->","yoast_head_json":{"title":"Politiche e Sistema di Gestione della Fondazione - Centro Clinico NeMO","robots":{"index":"index","follow":"follow","max-snippet":"max-snippet:-1","max-image-preview":"max-image-preview:large","max-video-preview":"max-video-preview:-1"},"canonical":"https:\/\/www.centrocliniconemo.it\/en\/politiche-e-sistema-di-gestione-della-fondazione\/","og_locale":"en_US","og_type":"article","og_title":"Politiche e Sistema di Gestione della Fondazione - Centro Clinico NeMO","og_description":"La Politica per la Qualit\u00e0 e la Sicurezza I Centri Clinici NEMO &#8211; Fondazione Serena Onlus promuove la presa in carico multidisciplinare del paziente con malattia neuromuscolare, attraverso la presenza dei professionisti coinvolti nella gestione delle problematiche legate a tale malattia. Promuove altres\u00ec la ricerca scientifica nell\u2019ambito di queste malattie e l\u2019adozione di tecniche e [&hellip;]","og_url":"https:\/\/www.centrocliniconemo.it\/en\/politiche-e-sistema-di-gestione-della-fondazione\/","og_site_name":"Centro Clinico NeMO","article_publisher":"https:\/\/www.facebook.com\/CentroNEMOItalia","article_modified_time":"2026-04-14T13:24:03+00:00","og_image":[{"width":1200,"height":630,"url":"https:\/\/www.centrocliniconemo.it\/wp-content\/uploads\/2023\/07\/prevsoc.jpg","type":"image\/jpeg"}],"twitter_card":"summary_large_image","twitter_site":"@CentroNemo","twitter_misc":{"Est. reading time":"5 minutes"},"schema":{"@context":"https:\/\/schema.org","@graph":[{"@type":"WebPage","@id":"https:\/\/www.centrocliniconemo.it\/en\/politiche-e-sistema-di-gestione-della-fondazione\/","url":"https:\/\/www.centrocliniconemo.it\/en\/politiche-e-sistema-di-gestione-della-fondazione\/","name":"Politiche e Sistema di Gestione della Fondazione - Centro Clinico NeMO","isPartOf":{"@id":"https:\/\/www.centrocliniconemo.it\/en\/#website"},"datePublished":"2026-04-14T13:21:45+00:00","dateModified":"2026-04-14T13:24:03+00:00","breadcrumb":{"@id":"https:\/\/www.centrocliniconemo.it\/en\/politiche-e-sistema-di-gestione-della-fondazione\/#breadcrumb"},"inLanguage":"en-US","potentialAction":[{"@type":"ReadAction","target":["https:\/\/www.centrocliniconemo.it\/en\/politiche-e-sistema-di-gestione-della-fondazione\/"]}]},{"@type":"BreadcrumbList","@id":"https:\/\/www.centrocliniconemo.it\/en\/politiche-e-sistema-di-gestione-della-fondazione\/#breadcrumb","itemListElement":[{"@type":"ListItem","position":1,"name":"Home","item":"https:\/\/www.centrocliniconemo.it\/en\/"},{"@type":"ListItem","position":2,"name":"Politiche e Sistema di Gestione della Fondazione"}]},{"@type":"WebSite","@id":"https:\/\/www.centrocliniconemo.it\/en\/#website","url":"https:\/\/www.centrocliniconemo.it\/en\/","name":"Centro Clinico NeMO","description":"Il paziente al centro","publisher":{"@id":"https:\/\/www.centrocliniconemo.it\/en\/#organization"},"potentialAction":[{"@type":"SearchAction","target":{"@type":"EntryPoint","urlTemplate":"https:\/\/www.centrocliniconemo.it\/en\/?s={search_term_string}"},"query-input":{"@type":"PropertyValueSpecification","valueRequired":true,"valueName":"search_term_string"}}],"inLanguage":"en-US"},{"@type":"Organization","@id":"https:\/\/www.centrocliniconemo.it\/en\/#organization","name":"Centro Clinico NeMO - Fondazione Serena Onlus","url":"https:\/\/www.centrocliniconemo.it\/en\/","logo":{"@type":"ImageObject","inLanguage":"en-US","@id":"https:\/\/www.centrocliniconemo.it\/en\/#\/schema\/logo\/image\/","url":"https:\/\/www.centrocliniconemo.it\/wp-content\/uploads\/2023\/03\/logo-nemo.svg","contentUrl":"https:\/\/www.centrocliniconemo.it\/wp-content\/uploads\/2023\/03\/logo-nemo.svg","width":272,"height":109.142,"caption":"Centro Clinico NeMO - Fondazione Serena Onlus"},"image":{"@id":"https:\/\/www.centrocliniconemo.it\/en\/#\/schema\/logo\/image\/"},"sameAs":["https:\/\/www.facebook.com\/CentroNEMOItalia","https:\/\/x.com\/CentroNemo","https:\/\/www.linkedin.com\/company\/centrocliniconemo\/","https:\/\/www.instagram.com\/centrocliniconemo\/"]}]}},"_links":{"self":[{"href":"https:\/\/www.centrocliniconemo.it\/en\/wp-json\/wp\/v2\/pages\/26563","targetHints":{"allow":["GET"]}}],"collection":[{"href":"https:\/\/www.centrocliniconemo.it\/en\/wp-json\/wp\/v2\/pages"}],"about":[{"href":"https:\/\/www.centrocliniconemo.it\/en\/wp-json\/wp\/v2\/types\/page"}],"author":[{"embeddable":true,"href":"https:\/\/www.centrocliniconemo.it\/en\/wp-json\/wp\/v2\/users\/1"}],"replies":[{"embeddable":true,"href":"https:\/\/www.centrocliniconemo.it\/en\/wp-json\/wp\/v2\/comments?post=26563"}],"version-history":[{"count":7,"href":"https:\/\/www.centrocliniconemo.it\/en\/wp-json\/wp\/v2\/pages\/26563\/revisions"}],"predecessor-version":[{"id":26570,"href":"https:\/\/www.centrocliniconemo.it\/en\/wp-json\/wp\/v2\/pages\/26563\/revisions\/26570"}],"wp:attachment":[{"href":"https:\/\/www.centrocliniconemo.it\/en\/wp-json\/wp\/v2\/media?parent=26563"}],"wp:term":[{"taxonomy":"categoria-pagine","embeddable":true,"href":"https:\/\/www.centrocliniconemo.it\/en\/wp-json\/wp\/v2\/categoria-pagine?post=26563"}],"curies":[{"name":"wp","href":"https:\/\/api.w.org\/{rel}","templated":true}]}}