{"id":22238,"date":"2024-09-16T12:21:48","date_gmt":"2024-09-16T12:21:48","guid":{"rendered":"https:\/\/www.centrocliniconemo.it\/?page_id=22238"},"modified":"2025-06-04T10:17:21","modified_gmt":"2025-06-04T10:17:21","slug":"informativa-donatori","status":"publish","type":"page","link":"https:\/\/www.centrocliniconemo.it\/en\/informativa-donatori\/","title":{"rendered":"Informativa Donatori"},"content":{"rendered":"\t\t<div data-elementor-type=\"wp-page\" data-elementor-id=\"22238\" class=\"elementor elementor-22238\" data-elementor-post-type=\"page\">\n\t\t\t\t<div class=\"elementor-element elementor-element-4eb9ebc e-flex e-con-boxed e-con e-parent\" data-id=\"4eb9ebc\" data-element_type=\"container\" data-e-type=\"container\">\n\t\t\t\t\t<div class=\"e-con-inner\">\n\t\t\t\t<div class=\"elementor-element elementor-element-5884b4c elementor-widget elementor-widget-text-editor\" data-id=\"5884b4c\" data-element_type=\"widget\" data-e-type=\"widget\" data-widget_type=\"text-editor.default\">\n\t\t\t\t<div class=\"elementor-widget-container\">\n\t\t\t\t\t\t\t\t\t<div class=\"iub_header\"><p><strong>INFORMATIVA IN MATERIA DI TRATTAMENTO DEI DATI PERSONALI<\/strong><\/p><p><strong>AI SENSI DELL\u2019ART. 13 DEL REGOLAMENTO UE 2016\/679 (\u201cGDPR\u201d)<\/strong><\/p><ol><li><strong>Titolare del Trattamento<\/strong><\/li><\/ol><p>Il Titolare del Trattamento dei dati personali \u00e8 Fondazione Serena Onlus, titolare del Centro Clinico NeMo (di seguito, il \u201cTitolare\u201d) in persona del legale rappresentante <em>pro tempore<\/em>, con sede legale in Piazza Ospedale Maggiore, 3 20162 Milano, CF\/P.IVA 05042160969, indirizzo e-mail privacy@centrocliniconemo.it.<\/p><p>Il Titolare del Trattamento ha nominato un Responsabile per la Protezione dei Dati, contattabile al seguente indirizzo di posta elettronica: <a href=\"mailto:dpo@centrocliniconemo.it\">dpo@centrocliniconemo.it<\/a>.<\/p><ol start=\"2\"><li><strong>Tipologia di dati personali trattati<\/strong><\/li><\/ol><p>I dati personali trattati appartengono alla categoria dei Dati personali (\u201cDati\u201d), definiti come qualsiasi informazione riguardante una persona fisica identificata o identificabile (\u201cInteressato\u201d); si considera identificabile la persona fisica che pu\u00f2 essere identificata, direttamente o indirettamente (C26, C27, C30 GDPR).<\/p><ol start=\"3\"><li><strong>Oggetto, base giuridica e finalit\u00e0 del Trattamento<\/strong><\/li><\/ol><p>Il Trattamento dei Dati \u00e8 finalizzato a ricevere e gestire le donazioni ricevute da parte dell\u2019Interessato ed all\u2019assolvimento dei relativi obblighi contabili, fiscali ed assicurativi da parte del Titolare; il Trattamento non prevede alcun processo decisionale automatizzato.<\/p><p>La base giuridica e le finalit\u00e0 del Trattamento risiedono nel consenso dell\u2019Interessato e nell\u2019esecuzione degli obblighi di legge inerenti le donazioni e gli adempimenti contabili relativi, ed includono la conservazione e l\u2019archiviazione dei Dati strettamente connessi e strumentali all&#8217;esecuzione di quanto indicato (art. 6, n. 1, lett. a), b), e c) GDPR).<\/p><ol start=\"4\"><li><strong>Modalit\u00e0 di Trattamento ed ambito di comunicazione dei Dati<\/strong><\/li><\/ol><p>Il trattamento dei Dati sar\u00e0 improntato ai principi di correttezza, liceit\u00e0, trasparenza, in modo consono e nel rispetto delle regole di riservatezza e di sicurezza.<\/p><p>Il Trattamento dei Dati \u00e8 eseguito con modalit\u00e0 elettroniche dal Titolare e da altri soggetti che, opportunamente selezionati quanto ad affidabilit\u00e0 e competenza, svolgono operazioni strumentali al perseguimento dell\u2019oggetto sociale del Titolare.<\/p><p>Potranno, inoltre, venire a conoscenza dei Dati soggetti che potranno trattare i Dati per conto del Titolare in qualit\u00e0 di incaricati e di responsabili esterni del Trattamento; tali soggetti, che sono stati istruiti in tal senso dal Titolare ai sensi degli artt. 28 e 29 GDPR, tratteranno i Dati esclusivamente per le finalit\u00e0 indicate nella presente informativa e nel rispetto delle previsioni della normativa applicabile.<\/p><p>L\u2019elenco completo ed aggiornato dei responsabili del Trattamento nominati dal Titolare pu\u00f2 essere richiesto mediante invio di una e-mail al seguente indirizzo privacy@centrocliniconemo.it.<\/p><ol start=\"5\"><li><strong>Trasferimento dei Dati<\/strong><\/li><\/ol><p>I Dati potranno essere trattati sia all\u2019interno sia all\u2019esterno dello Spazio Economico Europeo nel rispetto dei diritti e delle garanzie previsti dalla normativa vigente, fermo restando che ogni eventuale trasferimento di Dati all\u2019esterno dello Spazio Economico Europeo avverr\u00e0 in presenza delle condizioni di adeguatezza del Paese di trasferimento o comunque previa sottoscrizione di accordi recanti adeguati standard contrattuali recanti clausole approvate dalla Commissione Europea a tutela dei Dati.<\/p><ol start=\"6\"><li><strong>Conservazione dei dati<\/strong><\/li><\/ol><p>I Dati raccolti per effettuare la donazione saranno conservati per il termine massimo di n. 10 (dieci) anni dalla data della transazione o, in caso di pi\u00f9 donazioni, dalla data dell\u2019ultima donazione, ai fini dell\u2019adempimento degli obblighi contabili e di legge.<\/p><ol start=\"7\"><li><strong>Diritti dell\u2019interessato<\/strong><\/li><\/ol><p>Ai sensi dell\u2019art 13 del GDPR, l\u2019Interessato ha il diritto:<\/p><ol><li>a) di chiedere al Titolare del trattamento l\u2019accesso ai Dati personali e la rettifica o la cancellazione degli stessi o la limitazione del trattamento che lo riguardano o di opporsi al loro trattamento;<\/li><li>b) relativamente al trattamento fondato sulla base giuridica del consenso, di revocare il consenso in qualsiasi momento, senza pregiudizio per la liceit\u00e0 del trattamento basata sul consenso prestato prima della revoca;<\/li><li>c) di proporre reclamo all\u2019Autorit\u00e0 Nazionale di Controllo (Garante per la Protezione dei Dati Personali);<\/li><li>d) di ricevere in un formato strutturato, di uso comune e leggibile da dispositivo automatico i dati personali forniti ai fini della portabilit\u00e0, ove applicabile;<\/li><\/ol><p>Per l\u2019esercizio dei diritti su elencati, cos\u00ec come per ogni richiesta in ordine al trattamento dei Dati ed alle misure di sicurezza adottate, \u00e8 possibile rivolgersi al seguente indirizzo e-mail: <a href=\"mailto:privacy@centrocliniconemo.it\">privacy@centrocliniconemo.it<\/a>.<\/p><\/div>\t\t\t\t\t\t\t\t<\/div>\n\t\t\t\t<\/div>\n\t\t\t\t\t<\/div>\n\t\t\t\t<\/div>\n\t\t<div class=\"elementor-element elementor-element-336ba27 elementor-hidden-widescreen elementor-hidden-desktop elementor-hidden-laptop elementor-hidden-tablet_extra elementor-hidden-tablet elementor-hidden-mobile_extra elementor-hidden-mobile e-flex e-con-boxed e-con e-parent\" data-id=\"336ba27\" data-element_type=\"container\" data-e-type=\"container\">\n\t\t\t\t\t<div class=\"e-con-inner\">\n\t\t\t\t<div class=\"elementor-element elementor-element-52b3a6a pa-display-conditions-yes elementor-widget elementor-widget-html\" data-id=\"52b3a6a\" data-element_type=\"widget\" data-e-type=\"widget\" data-settings=\"{&quot;pa_display_conditions_switcher&quot;:&quot;yes&quot;}\" data-widget_type=\"html.default\">\n\t\t\t\t<div class=\"elementor-widget-container\">\n\t\t\t\t\t<div id=\"google_translate_element\"><\/div>\r\n<script type=\"text\/javascript\">\r\nfunction googleTranslateElementInit() {\r\n    \/\/ Controllo se siamo nell'editor di Elementor\r\n    if (window.location.href.indexOf('elementor') > -1) {\r\n        \/\/ Se siamo nell'editor, non eseguire la traduzione\r\n        return;\r\n    }\r\n\r\n    new google.translate.TranslateElement({\r\n        pageLanguage: 'it',\r\n        layout: google.translate.TranslateElement.FloatPosition.TOP_LEFT\r\n    }, 'google_translate_element');\r\n\r\n    \/\/ Attesa e traduzione automatica\r\n    setTimeout(function(){\r\n        var select = document.querySelector(\"select.goog-te-combo\");\r\n        if(select) {\r\n            select.value = 'en';\r\n            select.dispatchEvent(new Event('change'));\r\n        }\r\n    }, 1000);\r\n}\r\n<\/script>\r\n<script type=\"text\/javascript\" src=\"\/\/translate.google.com\/translate_a\/element.js?cb=googleTranslateElementInit\"><\/script>\r\n\t\t\t\t<\/div>\n\t\t\t\t<\/div>\n\t\t\t\t\t<\/div>\n\t\t\t\t<\/div>\n\t\t\t\t<\/div>\n\t\t","protected":false},"excerpt":{"rendered":"<p>INFORMATIVA IN MATERIA DI TRATTAMENTO DEI DATI PERSONALI AI SENSI DELL\u2019ART. 13 DEL REGOLAMENTO UE 2016\/679 (\u201cGDPR\u201d) Titolare del Trattamento Il Titolare del Trattamento dei dati personali \u00e8 Fondazione Serena Onlus, titolare del Centro Clinico NeMo (di seguito, il \u201cTitolare\u201d) in persona del legale rappresentante pro tempore, con sede legale in Piazza Ospedale Maggiore, 3 [&hellip;]<\/p>\n","protected":false},"author":1,"featured_media":0,"parent":0,"menu_order":0,"comment_status":"closed","ping_status":"closed","template":"","meta":{"pgc_sgb_lightbox_settings":"","totale-raccolto-evento":"","footnotes":""},"categoria-pagine":[],"class_list":["post-22238","page","type-page","status-publish","hentry"],"yoast_head":"<!-- This site is optimized with the Yoast SEO plugin v27.4 - https:\/\/yoast.com\/product\/yoast-seo-wordpress\/ -->\n<title>Informativa Donatori - Centro Clinico NeMO<\/title>\n<meta name=\"robots\" content=\"index, follow, max-snippet:-1, max-image-preview:large, max-video-preview:-1\" \/>\n<link rel=\"canonical\" href=\"https:\/\/www.centrocliniconemo.it\/en\/informativa-donatori\/\" \/>\n<meta property=\"og:locale\" content=\"en_US\" \/>\n<meta property=\"og:type\" content=\"article\" \/>\n<meta property=\"og:title\" content=\"Informativa Donatori - Centro Clinico NeMO\" \/>\n<meta property=\"og:description\" content=\"INFORMATIVA IN MATERIA DI TRATTAMENTO DEI DATI PERSONALI AI SENSI DELL\u2019ART. 13 DEL REGOLAMENTO UE 2016\/679 (\u201cGDPR\u201d) Titolare del Trattamento Il Titolare del Trattamento dei dati personali \u00e8 Fondazione Serena Onlus, titolare del Centro Clinico NeMo (di seguito, il \u201cTitolare\u201d) in persona del legale rappresentante pro tempore, con sede legale in Piazza Ospedale Maggiore, 3 [&hellip;]\" \/>\n<meta property=\"og:url\" content=\"https:\/\/www.centrocliniconemo.it\/en\/informativa-donatori\/\" \/>\n<meta property=\"og:site_name\" content=\"Centro Clinico NeMO\" \/>\n<meta property=\"article:publisher\" content=\"https:\/\/www.facebook.com\/CentroNEMOItalia\" \/>\n<meta property=\"article:modified_time\" content=\"2025-06-04T10:17:21+00:00\" \/>\n<meta property=\"og:image\" content=\"https:\/\/www.centrocliniconemo.it\/wp-content\/uploads\/2023\/07\/prevsoc.jpg\" \/>\n\t<meta property=\"og:image:width\" content=\"1200\" \/>\n\t<meta property=\"og:image:height\" content=\"630\" \/>\n\t<meta property=\"og:image:type\" content=\"image\/jpeg\" \/>\n<meta name=\"twitter:card\" content=\"summary_large_image\" \/>\n<meta name=\"twitter:site\" content=\"@CentroNemo\" \/>\n<meta name=\"twitter:label1\" content=\"Est. reading time\" \/>\n\t<meta name=\"twitter:data1\" content=\"4 minutes\" \/>\n<script type=\"application\/ld+json\" class=\"yoast-schema-graph\">{\"@context\":\"https:\\\/\\\/schema.org\",\"@graph\":[{\"@type\":\"WebPage\",\"@id\":\"https:\\\/\\\/www.centrocliniconemo.it\\\/en\\\/informativa-donatori\\\/\",\"url\":\"https:\\\/\\\/www.centrocliniconemo.it\\\/en\\\/informativa-donatori\\\/\",\"name\":\"Informativa Donatori - Centro Clinico NeMO\",\"isPartOf\":{\"@id\":\"https:\\\/\\\/www.centrocliniconemo.it\\\/en\\\/#website\"},\"datePublished\":\"2024-09-16T12:21:48+00:00\",\"dateModified\":\"2025-06-04T10:17:21+00:00\",\"breadcrumb\":{\"@id\":\"https:\\\/\\\/www.centrocliniconemo.it\\\/en\\\/informativa-donatori\\\/#breadcrumb\"},\"inLanguage\":\"en-US\",\"potentialAction\":[{\"@type\":\"ReadAction\",\"target\":[\"https:\\\/\\\/www.centrocliniconemo.it\\\/en\\\/informativa-donatori\\\/\"]}]},{\"@type\":\"BreadcrumbList\",\"@id\":\"https:\\\/\\\/www.centrocliniconemo.it\\\/en\\\/informativa-donatori\\\/#breadcrumb\",\"itemListElement\":[{\"@type\":\"ListItem\",\"position\":1,\"name\":\"Home\",\"item\":\"https:\\\/\\\/www.centrocliniconemo.it\\\/en\\\/\"},{\"@type\":\"ListItem\",\"position\":2,\"name\":\"Informativa Donatori\"}]},{\"@type\":\"WebSite\",\"@id\":\"https:\\\/\\\/www.centrocliniconemo.it\\\/en\\\/#website\",\"url\":\"https:\\\/\\\/www.centrocliniconemo.it\\\/en\\\/\",\"name\":\"Centro Clinico NeMO\",\"description\":\"Il paziente al centro\",\"publisher\":{\"@id\":\"https:\\\/\\\/www.centrocliniconemo.it\\\/en\\\/#organization\"},\"potentialAction\":[{\"@type\":\"SearchAction\",\"target\":{\"@type\":\"EntryPoint\",\"urlTemplate\":\"https:\\\/\\\/www.centrocliniconemo.it\\\/en\\\/?s={search_term_string}\"},\"query-input\":{\"@type\":\"PropertyValueSpecification\",\"valueRequired\":true,\"valueName\":\"search_term_string\"}}],\"inLanguage\":\"en-US\"},{\"@type\":\"Organization\",\"@id\":\"https:\\\/\\\/www.centrocliniconemo.it\\\/en\\\/#organization\",\"name\":\"Centro Clinico NeMO - Fondazione Serena Onlus\",\"url\":\"https:\\\/\\\/www.centrocliniconemo.it\\\/en\\\/\",\"logo\":{\"@type\":\"ImageObject\",\"inLanguage\":\"en-US\",\"@id\":\"https:\\\/\\\/www.centrocliniconemo.it\\\/en\\\/#\\\/schema\\\/logo\\\/image\\\/\",\"url\":\"https:\\\/\\\/www.centrocliniconemo.it\\\/wp-content\\\/uploads\\\/2023\\\/03\\\/logo-nemo.svg\",\"contentUrl\":\"https:\\\/\\\/www.centrocliniconemo.it\\\/wp-content\\\/uploads\\\/2023\\\/03\\\/logo-nemo.svg\",\"width\":272,\"height\":109.142,\"caption\":\"Centro Clinico NeMO - Fondazione Serena Onlus\"},\"image\":{\"@id\":\"https:\\\/\\\/www.centrocliniconemo.it\\\/en\\\/#\\\/schema\\\/logo\\\/image\\\/\"},\"sameAs\":[\"https:\\\/\\\/www.facebook.com\\\/CentroNEMOItalia\",\"https:\\\/\\\/x.com\\\/CentroNemo\",\"https:\\\/\\\/www.linkedin.com\\\/company\\\/centrocliniconemo\\\/\",\"https:\\\/\\\/www.instagram.com\\\/centrocliniconemo\\\/\"]}]}<\/script>\n<!-- \/ Yoast SEO plugin. -->","yoast_head_json":{"title":"Informativa Donatori - Centro Clinico NeMO","robots":{"index":"index","follow":"follow","max-snippet":"max-snippet:-1","max-image-preview":"max-image-preview:large","max-video-preview":"max-video-preview:-1"},"canonical":"https:\/\/www.centrocliniconemo.it\/en\/informativa-donatori\/","og_locale":"en_US","og_type":"article","og_title":"Informativa Donatori - Centro Clinico NeMO","og_description":"INFORMATIVA IN MATERIA DI TRATTAMENTO DEI DATI PERSONALI AI SENSI DELL\u2019ART. 13 DEL REGOLAMENTO UE 2016\/679 (\u201cGDPR\u201d) Titolare del Trattamento Il Titolare del Trattamento dei dati personali \u00e8 Fondazione Serena Onlus, titolare del Centro Clinico NeMo (di seguito, il \u201cTitolare\u201d) in persona del legale rappresentante pro tempore, con sede legale in Piazza Ospedale Maggiore, 3 [&hellip;]","og_url":"https:\/\/www.centrocliniconemo.it\/en\/informativa-donatori\/","og_site_name":"Centro Clinico NeMO","article_publisher":"https:\/\/www.facebook.com\/CentroNEMOItalia","article_modified_time":"2025-06-04T10:17:21+00:00","og_image":[{"width":1200,"height":630,"url":"https:\/\/www.centrocliniconemo.it\/wp-content\/uploads\/2023\/07\/prevsoc.jpg","type":"image\/jpeg"}],"twitter_card":"summary_large_image","twitter_site":"@CentroNemo","twitter_misc":{"Est. reading time":"4 minutes"},"schema":{"@context":"https:\/\/schema.org","@graph":[{"@type":"WebPage","@id":"https:\/\/www.centrocliniconemo.it\/en\/informativa-donatori\/","url":"https:\/\/www.centrocliniconemo.it\/en\/informativa-donatori\/","name":"Informativa Donatori - Centro Clinico NeMO","isPartOf":{"@id":"https:\/\/www.centrocliniconemo.it\/en\/#website"},"datePublished":"2024-09-16T12:21:48+00:00","dateModified":"2025-06-04T10:17:21+00:00","breadcrumb":{"@id":"https:\/\/www.centrocliniconemo.it\/en\/informativa-donatori\/#breadcrumb"},"inLanguage":"en-US","potentialAction":[{"@type":"ReadAction","target":["https:\/\/www.centrocliniconemo.it\/en\/informativa-donatori\/"]}]},{"@type":"BreadcrumbList","@id":"https:\/\/www.centrocliniconemo.it\/en\/informativa-donatori\/#breadcrumb","itemListElement":[{"@type":"ListItem","position":1,"name":"Home","item":"https:\/\/www.centrocliniconemo.it\/en\/"},{"@type":"ListItem","position":2,"name":"Informativa Donatori"}]},{"@type":"WebSite","@id":"https:\/\/www.centrocliniconemo.it\/en\/#website","url":"https:\/\/www.centrocliniconemo.it\/en\/","name":"Centro Clinico NeMO","description":"Il paziente al centro","publisher":{"@id":"https:\/\/www.centrocliniconemo.it\/en\/#organization"},"potentialAction":[{"@type":"SearchAction","target":{"@type":"EntryPoint","urlTemplate":"https:\/\/www.centrocliniconemo.it\/en\/?s={search_term_string}"},"query-input":{"@type":"PropertyValueSpecification","valueRequired":true,"valueName":"search_term_string"}}],"inLanguage":"en-US"},{"@type":"Organization","@id":"https:\/\/www.centrocliniconemo.it\/en\/#organization","name":"Centro Clinico NeMO - Fondazione Serena Onlus","url":"https:\/\/www.centrocliniconemo.it\/en\/","logo":{"@type":"ImageObject","inLanguage":"en-US","@id":"https:\/\/www.centrocliniconemo.it\/en\/#\/schema\/logo\/image\/","url":"https:\/\/www.centrocliniconemo.it\/wp-content\/uploads\/2023\/03\/logo-nemo.svg","contentUrl":"https:\/\/www.centrocliniconemo.it\/wp-content\/uploads\/2023\/03\/logo-nemo.svg","width":272,"height":109.142,"caption":"Centro Clinico NeMO - Fondazione Serena Onlus"},"image":{"@id":"https:\/\/www.centrocliniconemo.it\/en\/#\/schema\/logo\/image\/"},"sameAs":["https:\/\/www.facebook.com\/CentroNEMOItalia","https:\/\/x.com\/CentroNemo","https:\/\/www.linkedin.com\/company\/centrocliniconemo\/","https:\/\/www.instagram.com\/centrocliniconemo\/"]}]}},"_links":{"self":[{"href":"https:\/\/www.centrocliniconemo.it\/en\/wp-json\/wp\/v2\/pages\/22238","targetHints":{"allow":["GET"]}}],"collection":[{"href":"https:\/\/www.centrocliniconemo.it\/en\/wp-json\/wp\/v2\/pages"}],"about":[{"href":"https:\/\/www.centrocliniconemo.it\/en\/wp-json\/wp\/v2\/types\/page"}],"author":[{"embeddable":true,"href":"https:\/\/www.centrocliniconemo.it\/en\/wp-json\/wp\/v2\/users\/1"}],"replies":[{"embeddable":true,"href":"https:\/\/www.centrocliniconemo.it\/en\/wp-json\/wp\/v2\/comments?post=22238"}],"version-history":[{"count":0,"href":"https:\/\/www.centrocliniconemo.it\/en\/wp-json\/wp\/v2\/pages\/22238\/revisions"}],"wp:attachment":[{"href":"https:\/\/www.centrocliniconemo.it\/en\/wp-json\/wp\/v2\/media?parent=22238"}],"wp:term":[{"taxonomy":"categoria-pagine","embeddable":true,"href":"https:\/\/www.centrocliniconemo.it\/en\/wp-json\/wp\/v2\/categoria-pagine?post=22238"}],"curies":[{"name":"wp","href":"https:\/\/api.w.org\/{rel}","templated":true}]}}