{"id":10233,"date":"2023-07-03T10:12:28","date_gmt":"2023-07-03T10:12:28","guid":{"rendered":"https:\/\/www.centrocliniconemo.it\/?page_id=10233"},"modified":"2023-09-29T12:36:43","modified_gmt":"2023-09-29T12:36:43","slug":"cookie-policy","status":"publish","type":"page","link":"https:\/\/www.centrocliniconemo.it\/en\/cookie-policy\/","title":{"rendered":"Cookie Policy"},"content":{"rendered":"\t\t<div data-elementor-type=\"wp-page\" data-elementor-id=\"10233\" class=\"elementor elementor-10233\" data-elementor-post-type=\"page\">\n\t\t\t\t<div class=\"elementor-element elementor-element-08b75ff e-flex e-con-boxed e-con e-parent\" data-id=\"08b75ff\" data-element_type=\"container\" data-e-type=\"container\">\n\t\t\t\t\t<div class=\"e-con-inner\">\n\t\t\t\t<div class=\"elementor-element elementor-element-4fffaa6 elementor-widget elementor-widget-text-editor\" data-id=\"4fffaa6\" data-element_type=\"widget\" data-e-type=\"widget\" data-widget_type=\"text-editor.default\">\n\t\t\t\t<div class=\"elementor-widget-container\">\n\t\t\t\t\t\t\t\t\t<p><strong>Informativa sui cookies di Fondazione Serena Onlus<\/strong><\/p><p>Il presente sito web \u00e8 di propriet\u00e0 di\u00a0Fondazione Serena Onlus \u2013 titolare del trattamento\u00a0ai sensi e per gli effetti del decreto legislativo\u00a0n.196\/2003 e dell\u2019articolo 13 del Regolamento (UE) 2016\/679 (GDPR) relativo alla protezione dei dati personali.\u00a0La presente informativa fornisce indicazioni su come sono utilizzati i cookies e su come possono essere controllati dall\u2019utente.<\/p><p>L\u2019utilizzo di questo sito web e di ogni altro sito da noi gestito comporta l\u2019accettazione, da parte dell\u2019Utente, del ricorso ai cookies conformemente alla presente informativa.\u00a0In particolare, si accetta l\u2019uso dei cookies di analisi, pubblicit\u00e0, marketing e profilazione, funzionalit\u00e0 per gli scopi di seguito descritti.<\/p><p>Se l\u2019Utente accetta i\u00a0cookies di profilazione, come pi\u00f9 oltre identificati, questi saranno aggiunti al proprio profilo gi\u00e0 esistente nelle nostre banche dati, qualora l\u2019utente abbia prestato il consenso ad attivit\u00e0 di marketing e profilazione in occasione della sua adesione a una o pi\u00f9 delle iniziative condotte dal nostro sito (es.: per azioni di donazione, per aderire ad iniziative).<\/p><p>Qualora l\u2019Utente non intenda accettare l\u2019uso dei cookies per finalit\u00e0 di analisi, pubblicit\u00e0, profilazione, ha la possibilit\u00e0 di modificare l\u2019impostazione del proprio browser secondo le modalit\u00e0 descritte nella sezione \u201cCome controllare ed eliminare i cookies\u201d di questo testo (vedi gi\u00f9).<\/p><p><strong>Funzionamento dei cookies<\/strong><\/p><p>I cookies sono informazioni salvate sul disco fisso del terminale dell\u2019utente, inviate dal browser dell\u2019utente a un Web server e che si riferiscono all\u2019utilizzo della rete.<\/p><p>Di conseguenza, permettono di conoscere i servizi, i siti frequentati e le opzioni che, navigando in rete, sono state manifestate. In termini concreti, i cookies sono piccoli file, contenenti lettere e numeri, che vengono scaricati sul computer o dispositivo mobile dell\u2019utente quando si visita un sito web.<\/p><p>I cookies vengono poi reinviati al sito originario a ogni visita successiva, o ad altro sito che riconosce questi file. I cookies sono utili poich\u00e9 consentono a un sito web di riconoscere il dispositivo dell\u2019utente.<\/p><p>Queste informazioni non sono, quindi, fornite spontaneamente e direttamente, ma lasciano traccia della navigazione in rete da parte dell\u2019utente.<\/p><p>I cookies svolgono diverse funzioni e consentono di navigare tra le pagine in modo efficiente, ricor-dando le preferenze dell\u2019utente e, pi\u00f9 in generale, migliorando la sua esperienza<\/p><p>Possono anche contribuire a garantire che le pubblicit\u00e0 mostrate durante la navigazione siano di suo interesse e che le attivit\u00e0 di marketing realizzate siano conformi alle sue preferenze, evitando iniziative promozionali sgradite o non in linea con le esigenze dell\u2019utente.<\/p><p>Durante la navigazione su di un sito, l\u2019utente pu\u00f2 ricevere sul suo terminale anche cookies che sono inviati da siti o da web server diversi (c.d.\u00a0\u201cterze parti\u201d), sui quali possono risiedere alcuni elementi (es.: immagini, mappe, suoni, specifici link a pagine di altri domini) presenti sul sito che lo stesso sta visitando.<\/p><p>\u00a0Possono esserci, quindi, sotto questo profilo:<\/p><ol><li>Cookies diretti, inviati direttamente da questo sito al dispositivo dell\u2019utente<\/li><li>Cookies di terze parti, provenienti da una terza parte ma inviati per nostro conto. Il presente sito usa i cookies di terze parti per agevolare l\u2019analisi del nostro sito Web e del loro utilizzo (come descritto di seguito).<\/li><\/ol><p>Inoltre, in funzione della finalit\u00e0 di utilizzazione dei cookies, questi si possono distinguere in:<\/p><ol><li>Cookies tecnici:\u00a0sono utilizzati per permettere la trasmissione di una comunicazione su una rete di comunicazione elettronica o per erogare un servizio espressamente richiesto dall\u2019utente. Non sono utilizzati per altre finalit\u00e0. Nella categoria dei cookies tecnici, la cui utilizzazione non richiede il consenso dell\u2019utente, si distinguono:<\/li><\/ol><ul><li style=\"list-style-type: none;\"><ul><li>Cookies di navigazione o di sessione: garantiscono la normale navigazione e fruizio-ne del sito Web (es.: per autenticarsi ed accedere alle aree riservate). L\u2019uso questi cookies (che non sono memorizzati in modo persistente sul dispositivo dell\u2019utente e sono automaticamente eliminati con la chiusura del browser) \u00e8 strettamente limitato alla trasmissione d\u2019identificativi di sessione (costituiti da numeri casuali generati dal server) necessari per consentire l\u2019esplorazione sicura ed efficiente del sito.<\/li><li>Cookies analytics:\u00a0sono utilizzati soltanto per raccogliere informazioni in forma aggregata, sul numero di utenti che visitano il sito e come lo visitano<\/li><li>Cookies di funzionalit\u00e0: permettono all\u2019utente dii navigare in base a una serie di criteri selezionati (es.: lingua o servizi cui si \u00e8 aderito) per migliorare il servizio reso all\u2019utente.<\/li><\/ul><\/li><\/ul><ol start=\"2\"><li>Cookies di profilazione:\u00a0sono volti a creare profili relativi all\u2019utente e utilizzati per inviare messaggi promozionali mirati in funzione delle preferenze manifestate durante la sua navigazione in rete. Questi cookies sono utilizzabili per tali scopi\u00a0soltanto con il consenso dell\u2019utente.<\/li><\/ol><p><strong>Come controllare o eliminare i cookies<\/strong><\/p><p>L\u2019utente ha il diritto di scegliere se accettare o meno i cookies. Di seguito forniamo alcune informazioni su come esercitare tale diritto.<\/p><p>Tuttavia, si ricorda che scegliendo di rifiutare i cookies, l\u2019utente potrebbe non essere in grado di utilizzare tutte le funzionalit\u00e0 del sito e, se ha prestato consenso alla profilazione in altre occasioni, le comunicazioni che ricever\u00e0 potrebbero essere poco pertinenti ai suoi interessi.<\/p><p>Si evidenzia, inoltre, che se si sceglie di gestire le preferenze dei cookies, il nostro strumento di gestione dei cookies imposter\u00e0 comunque un cookie tecnico sul dispositivo per consentirci di dare esecuzione alle preferenze dell\u2019utente. L\u2019eliminazione o la rimozione dei cookies dal dispositivo utente comporta anche la rimozione del cookie relativo alle preferenze; tali scelte dovranno, per-tanto, essere nuovamente effettuate.<\/p><p>\u00c8 possibile bloccare i cookie modificando le impostazioni del browser affinch\u00e9 i cookies non possano essere memorizzati sul dispositivo. A tal fine, occorre seguire le istruzioni fornite dal browser (in genere si trovano nei menu alle voci \u201cAiuto\u201d, \u201cStrumenti\u201d o \u201cModifica\u201d).<\/p><p>La disattivazione di un cookie o di una categoria di cookies non li elimina dal browser. Pertanto, tale operazione dovr\u00e0 essere effettuata direttamente nel browser.<\/p><p>Se si vogliono cancellare, disabilitare o ripristinare i cookie presenti sul computer dell\u2019Utente, \u00e8 possibile utilizzare le pagine di configurazione cookie messe a disposizione da eventuali fornitori di contenuti di terze parti, oppure tramite le opzioni del browser dell\u2019utente.<\/p><p>Di seguito riportiamo un elenco di istruzioni per gestire i cookie in relazione ai browser pi\u00f9 diffusi:<\/p><ul><li><a href=\"https:\/\/support.google.com\/chrome\/answer\/95647?hl=it&amp;topic=14666&amp;ctx=topic\">Chrome<\/a><\/li><li><a href=\"https:\/\/support.microsoft.com\/it-it\/microsoft-edge\/eliminare-i-cookie-in-microsoft-edge-63947406-40ac-c3b8-57b9-2a946a29ae09\" target=\"_blank\" rel=\"noopener\">Edge<\/a><\/li><li><a href=\"https:\/\/support.mozilla.org\/it\/kb\/Gestione%20dei%20cookie\">Firefox<\/a><\/li><li><a href=\"http:\/\/windows.microsoft.com\/en-US\/internet-explorer\/delete-manage-cookies#ie=ie-11\">Internet Explorer<\/a><\/li><li><a href=\"https:\/\/support.apple.com\/it-it\/HT201265\">Safari<\/a><\/li><\/ul><p>Se si usa un dispositivo mobile, occorre fare riferimento al suo manuale di istruzioni per scoprire come gestire i cookie.<br \/>Per ulteriori informazioni sui cookie, anche su come visualizzare quelli che sono stati impostati sul dispositivo, su come gestirli ed eliminarli, invitiamo a visitare il sito <a href=\"http:\/\/www.allaboutcookies.org\/\">www.allaboutcookies.org<\/a>.<\/p><p><strong>Cookies impostati precedentemente<\/strong><\/p><p>Se l\u2019utente ha disabilitato uno o pi\u00f9 cookies, saremo comunque in grado di utilizzare le informazioni raccolte prima di tale disabilitazione effettuata mediante le preferenze. Tuttavia, a partire da tale momento, cesseremo di utilizzare i cookies disabilitati per raccogliere ulteriori informazioni.<\/p><p><strong>Tabella riepilogativa cookies di questa applicazione<\/strong><\/p>\t\t\t\t\t\t\t\t<\/div>\n\t\t\t\t<\/div>\n\t\t\t\t<div class=\"elementor-element elementor-element-b3eca8d elementor-widget elementor-widget-html\" data-id=\"b3eca8d\" data-element_type=\"widget\" data-e-type=\"widget\" data-widget_type=\"html.default\">\n\t\t\t\t<div class=\"elementor-widget-container\">\n\t\t\t\t\t<script type=\"text\/javascript\" charset=\"UTF-8\"  data-cookiescriptreport=\"report\" src=\"\/\/report.cookie-script.com\/r\/0631aca82e232f8ada30dd1851079e1b.js\"><\/script>\t\t\t\t<\/div>\n\t\t\t\t<\/div>\n\t\t\t\t\t<\/div>\n\t\t\t\t<\/div>\n\t\t<div class=\"elementor-element elementor-element-aa39200 elementor-hidden-widescreen elementor-hidden-desktop elementor-hidden-laptop elementor-hidden-tablet_extra elementor-hidden-tablet elementor-hidden-mobile_extra elementor-hidden-mobile e-flex e-con-boxed e-con e-parent\" data-id=\"aa39200\" data-element_type=\"container\" data-e-type=\"container\">\n\t\t\t\t\t<div class=\"e-con-inner\">\n\t\t\t\t<div class=\"elementor-element elementor-element-45d64fe pa-display-conditions-yes elementor-widget elementor-widget-html\" data-id=\"45d64fe\" data-element_type=\"widget\" data-e-type=\"widget\" data-settings=\"{&quot;pa_display_conditions_switcher&quot;:&quot;yes&quot;}\" data-widget_type=\"html.default\">\n\t\t\t\t<div class=\"elementor-widget-container\">\n\t\t\t\t\t<div id=\"google_translate_element\"><\/div>\r\n<script type=\"text\/javascript\">\r\nfunction googleTranslateElementInit() {\r\n    \/\/ Controllo se siamo nell'editor di Elementor\r\n    if (window.location.href.indexOf('elementor') > -1) {\r\n        \/\/ Se siamo nell'editor, non eseguire la traduzione\r\n        return;\r\n    }\r\n\r\n    new google.translate.TranslateElement({\r\n        pageLanguage: 'it',\r\n        layout: google.translate.TranslateElement.FloatPosition.TOP_LEFT\r\n    }, 'google_translate_element');\r\n\r\n    \/\/ Attesa e traduzione automatica\r\n    setTimeout(function(){\r\n        var select = document.querySelector(\"select.goog-te-combo\");\r\n        if(select) {\r\n            select.value = 'en';\r\n            select.dispatchEvent(new Event('change'));\r\n        }\r\n    }, 1000);\r\n}\r\n<\/script>\r\n<script type=\"text\/javascript\" src=\"\/\/translate.google.com\/translate_a\/element.js?cb=googleTranslateElementInit\"><\/script>\r\n\t\t\t\t<\/div>\n\t\t\t\t<\/div>\n\t\t\t\t\t<\/div>\n\t\t\t\t<\/div>\n\t\t\t\t<\/div>\n\t\t","protected":false},"excerpt":{"rendered":"<p>Informativa sui cookies di Fondazione Serena Onlus Il presente sito web \u00e8 di propriet\u00e0 di\u00a0Fondazione Serena Onlus \u2013 titolare del trattamento\u00a0ai sensi e per gli effetti del decreto legislativo\u00a0n.196\/2003 e dell\u2019articolo 13 del Regolamento (UE) 2016\/679 (GDPR) relativo alla protezione dei dati personali.\u00a0La presente informativa fornisce indicazioni su come sono utilizzati i cookies e su [&hellip;]<\/p>\n","protected":false},"author":1,"featured_media":0,"parent":0,"menu_order":0,"comment_status":"closed","ping_status":"closed","template":"","meta":{"pgc_sgb_lightbox_settings":"","totale-raccolto-evento":"","footnotes":""},"categoria-pagine":[],"class_list":["post-10233","page","type-page","status-publish","hentry"],"yoast_head":"<!-- This site is optimized with the Yoast SEO plugin v27.4 - https:\/\/yoast.com\/product\/yoast-seo-wordpress\/ -->\n<title>Cookie Policy - Centro Clinico NeMO<\/title>\n<meta name=\"robots\" content=\"index, follow, max-snippet:-1, max-image-preview:large, max-video-preview:-1\" \/>\n<link rel=\"canonical\" href=\"https:\/\/www.centrocliniconemo.it\/en\/cookie-policy\/\" \/>\n<meta property=\"og:locale\" content=\"en_US\" \/>\n<meta property=\"og:type\" content=\"article\" \/>\n<meta property=\"og:title\" content=\"Cookie Policy - Centro Clinico NeMO\" \/>\n<meta property=\"og:description\" content=\"Informativa sui cookies di Fondazione Serena Onlus Il presente sito web \u00e8 di propriet\u00e0 di\u00a0Fondazione Serena Onlus \u2013 titolare del trattamento\u00a0ai sensi e per gli effetti del decreto legislativo\u00a0n.196\/2003 e dell\u2019articolo 13 del Regolamento (UE) 2016\/679 (GDPR) relativo alla protezione dei dati personali.\u00a0La presente informativa fornisce indicazioni su come sono utilizzati i cookies e su [&hellip;]\" \/>\n<meta property=\"og:url\" content=\"https:\/\/www.centrocliniconemo.it\/en\/cookie-policy\/\" \/>\n<meta property=\"og:site_name\" content=\"Centro Clinico NeMO\" \/>\n<meta property=\"article:publisher\" content=\"https:\/\/www.facebook.com\/CentroNEMOItalia\" \/>\n<meta property=\"article:modified_time\" content=\"2023-09-29T12:36:43+00:00\" \/>\n<meta property=\"og:image\" content=\"https:\/\/www.centrocliniconemo.it\/wp-content\/uploads\/2023\/07\/prevsoc.jpg\" \/>\n\t<meta property=\"og:image:width\" content=\"1200\" \/>\n\t<meta property=\"og:image:height\" content=\"630\" \/>\n\t<meta property=\"og:image:type\" content=\"image\/jpeg\" \/>\n<meta name=\"twitter:card\" content=\"summary_large_image\" \/>\n<meta name=\"twitter:site\" content=\"@CentroNemo\" \/>\n<meta name=\"twitter:label1\" content=\"Est. reading time\" \/>\n\t<meta name=\"twitter:data1\" content=\"9 minutes\" \/>\n<script type=\"application\/ld+json\" class=\"yoast-schema-graph\">{\"@context\":\"https:\\\/\\\/schema.org\",\"@graph\":[{\"@type\":\"WebPage\",\"@id\":\"https:\\\/\\\/www.centrocliniconemo.it\\\/en\\\/cookie-policy\\\/\",\"url\":\"https:\\\/\\\/www.centrocliniconemo.it\\\/en\\\/cookie-policy\\\/\",\"name\":\"Cookie Policy - Centro Clinico NeMO\",\"isPartOf\":{\"@id\":\"https:\\\/\\\/www.centrocliniconemo.it\\\/en\\\/#website\"},\"datePublished\":\"2023-07-03T10:12:28+00:00\",\"dateModified\":\"2023-09-29T12:36:43+00:00\",\"breadcrumb\":{\"@id\":\"https:\\\/\\\/www.centrocliniconemo.it\\\/en\\\/cookie-policy\\\/#breadcrumb\"},\"inLanguage\":\"en-US\",\"potentialAction\":[{\"@type\":\"ReadAction\",\"target\":[\"https:\\\/\\\/www.centrocliniconemo.it\\\/en\\\/cookie-policy\\\/\"]}]},{\"@type\":\"BreadcrumbList\",\"@id\":\"https:\\\/\\\/www.centrocliniconemo.it\\\/en\\\/cookie-policy\\\/#breadcrumb\",\"itemListElement\":[{\"@type\":\"ListItem\",\"position\":1,\"name\":\"Home\",\"item\":\"https:\\\/\\\/www.centrocliniconemo.it\\\/en\\\/\"},{\"@type\":\"ListItem\",\"position\":2,\"name\":\"Cookie Policy\"}]},{\"@type\":\"WebSite\",\"@id\":\"https:\\\/\\\/www.centrocliniconemo.it\\\/en\\\/#website\",\"url\":\"https:\\\/\\\/www.centrocliniconemo.it\\\/en\\\/\",\"name\":\"Centro Clinico NeMO\",\"description\":\"Il paziente al centro\",\"publisher\":{\"@id\":\"https:\\\/\\\/www.centrocliniconemo.it\\\/en\\\/#organization\"},\"potentialAction\":[{\"@type\":\"SearchAction\",\"target\":{\"@type\":\"EntryPoint\",\"urlTemplate\":\"https:\\\/\\\/www.centrocliniconemo.it\\\/en\\\/?s={search_term_string}\"},\"query-input\":{\"@type\":\"PropertyValueSpecification\",\"valueRequired\":true,\"valueName\":\"search_term_string\"}}],\"inLanguage\":\"en-US\"},{\"@type\":\"Organization\",\"@id\":\"https:\\\/\\\/www.centrocliniconemo.it\\\/en\\\/#organization\",\"name\":\"Centro Clinico NeMO - Fondazione Serena Onlus\",\"url\":\"https:\\\/\\\/www.centrocliniconemo.it\\\/en\\\/\",\"logo\":{\"@type\":\"ImageObject\",\"inLanguage\":\"en-US\",\"@id\":\"https:\\\/\\\/www.centrocliniconemo.it\\\/en\\\/#\\\/schema\\\/logo\\\/image\\\/\",\"url\":\"https:\\\/\\\/www.centrocliniconemo.it\\\/wp-content\\\/uploads\\\/2023\\\/03\\\/logo-nemo.svg\",\"contentUrl\":\"https:\\\/\\\/www.centrocliniconemo.it\\\/wp-content\\\/uploads\\\/2023\\\/03\\\/logo-nemo.svg\",\"width\":272,\"height\":109.142,\"caption\":\"Centro Clinico NeMO - Fondazione Serena Onlus\"},\"image\":{\"@id\":\"https:\\\/\\\/www.centrocliniconemo.it\\\/en\\\/#\\\/schema\\\/logo\\\/image\\\/\"},\"sameAs\":[\"https:\\\/\\\/www.facebook.com\\\/CentroNEMOItalia\",\"https:\\\/\\\/x.com\\\/CentroNemo\",\"https:\\\/\\\/www.linkedin.com\\\/company\\\/centrocliniconemo\\\/\",\"https:\\\/\\\/www.instagram.com\\\/centrocliniconemo\\\/\"]}]}<\/script>\n<!-- \/ Yoast SEO plugin. -->","yoast_head_json":{"title":"Cookie Policy - Centro Clinico NeMO","robots":{"index":"index","follow":"follow","max-snippet":"max-snippet:-1","max-image-preview":"max-image-preview:large","max-video-preview":"max-video-preview:-1"},"canonical":"https:\/\/www.centrocliniconemo.it\/en\/cookie-policy\/","og_locale":"en_US","og_type":"article","og_title":"Cookie Policy - Centro Clinico NeMO","og_description":"Informativa sui cookies di Fondazione Serena Onlus Il presente sito web \u00e8 di propriet\u00e0 di\u00a0Fondazione Serena Onlus \u2013 titolare del trattamento\u00a0ai sensi e per gli effetti del decreto legislativo\u00a0n.196\/2003 e dell\u2019articolo 13 del Regolamento (UE) 2016\/679 (GDPR) relativo alla protezione dei dati personali.\u00a0La presente informativa fornisce indicazioni su come sono utilizzati i cookies e su [&hellip;]","og_url":"https:\/\/www.centrocliniconemo.it\/en\/cookie-policy\/","og_site_name":"Centro Clinico NeMO","article_publisher":"https:\/\/www.facebook.com\/CentroNEMOItalia","article_modified_time":"2023-09-29T12:36:43+00:00","og_image":[{"width":1200,"height":630,"url":"https:\/\/www.centrocliniconemo.it\/wp-content\/uploads\/2023\/07\/prevsoc.jpg","type":"image\/jpeg"}],"twitter_card":"summary_large_image","twitter_site":"@CentroNemo","twitter_misc":{"Est. reading time":"9 minutes"},"schema":{"@context":"https:\/\/schema.org","@graph":[{"@type":"WebPage","@id":"https:\/\/www.centrocliniconemo.it\/en\/cookie-policy\/","url":"https:\/\/www.centrocliniconemo.it\/en\/cookie-policy\/","name":"Cookie Policy - Centro Clinico NeMO","isPartOf":{"@id":"https:\/\/www.centrocliniconemo.it\/en\/#website"},"datePublished":"2023-07-03T10:12:28+00:00","dateModified":"2023-09-29T12:36:43+00:00","breadcrumb":{"@id":"https:\/\/www.centrocliniconemo.it\/en\/cookie-policy\/#breadcrumb"},"inLanguage":"en-US","potentialAction":[{"@type":"ReadAction","target":["https:\/\/www.centrocliniconemo.it\/en\/cookie-policy\/"]}]},{"@type":"BreadcrumbList","@id":"https:\/\/www.centrocliniconemo.it\/en\/cookie-policy\/#breadcrumb","itemListElement":[{"@type":"ListItem","position":1,"name":"Home","item":"https:\/\/www.centrocliniconemo.it\/en\/"},{"@type":"ListItem","position":2,"name":"Cookie Policy"}]},{"@type":"WebSite","@id":"https:\/\/www.centrocliniconemo.it\/en\/#website","url":"https:\/\/www.centrocliniconemo.it\/en\/","name":"Centro Clinico NeMO","description":"Il paziente al centro","publisher":{"@id":"https:\/\/www.centrocliniconemo.it\/en\/#organization"},"potentialAction":[{"@type":"SearchAction","target":{"@type":"EntryPoint","urlTemplate":"https:\/\/www.centrocliniconemo.it\/en\/?s={search_term_string}"},"query-input":{"@type":"PropertyValueSpecification","valueRequired":true,"valueName":"search_term_string"}}],"inLanguage":"en-US"},{"@type":"Organization","@id":"https:\/\/www.centrocliniconemo.it\/en\/#organization","name":"Centro Clinico NeMO - Fondazione Serena Onlus","url":"https:\/\/www.centrocliniconemo.it\/en\/","logo":{"@type":"ImageObject","inLanguage":"en-US","@id":"https:\/\/www.centrocliniconemo.it\/en\/#\/schema\/logo\/image\/","url":"https:\/\/www.centrocliniconemo.it\/wp-content\/uploads\/2023\/03\/logo-nemo.svg","contentUrl":"https:\/\/www.centrocliniconemo.it\/wp-content\/uploads\/2023\/03\/logo-nemo.svg","width":272,"height":109.142,"caption":"Centro Clinico NeMO - Fondazione Serena Onlus"},"image":{"@id":"https:\/\/www.centrocliniconemo.it\/en\/#\/schema\/logo\/image\/"},"sameAs":["https:\/\/www.facebook.com\/CentroNEMOItalia","https:\/\/x.com\/CentroNemo","https:\/\/www.linkedin.com\/company\/centrocliniconemo\/","https:\/\/www.instagram.com\/centrocliniconemo\/"]}]}},"_links":{"self":[{"href":"https:\/\/www.centrocliniconemo.it\/en\/wp-json\/wp\/v2\/pages\/10233","targetHints":{"allow":["GET"]}}],"collection":[{"href":"https:\/\/www.centrocliniconemo.it\/en\/wp-json\/wp\/v2\/pages"}],"about":[{"href":"https:\/\/www.centrocliniconemo.it\/en\/wp-json\/wp\/v2\/types\/page"}],"author":[{"embeddable":true,"href":"https:\/\/www.centrocliniconemo.it\/en\/wp-json\/wp\/v2\/users\/1"}],"replies":[{"embeddable":true,"href":"https:\/\/www.centrocliniconemo.it\/en\/wp-json\/wp\/v2\/comments?post=10233"}],"version-history":[{"count":0,"href":"https:\/\/www.centrocliniconemo.it\/en\/wp-json\/wp\/v2\/pages\/10233\/revisions"}],"wp:attachment":[{"href":"https:\/\/www.centrocliniconemo.it\/en\/wp-json\/wp\/v2\/media?parent=10233"}],"wp:term":[{"taxonomy":"categoria-pagine","embeddable":true,"href":"https:\/\/www.centrocliniconemo.it\/en\/wp-json\/wp\/v2\/categoria-pagine?post=10233"}],"curies":[{"name":"wp","href":"https:\/\/api.w.org\/{rel}","templated":true}]}}